{"id":372,"date":"2014-05-05T11:11:18","date_gmt":"2014-05-05T09:11:18","guid":{"rendered":"http:\/\/blog.e-ck.cz\/?page_id=372"},"modified":"2019-02-06T13:45:42","modified_gmt":"2019-02-06T12:45:42","slug":"e-ck-cz-jinde","status":"publish","type":"page","link":"https:\/\/www.e-ck.cz\/blog\/e-ck-cz-jinde\/","title":{"rendered":"e-ck.cz jinde"},"content":{"rendered":"<p><img loading=\"lazy\" decoding=\"async\" src=\"https:\/\/www.e-ck.cz\/blog\/wp-content\/uploads\/2014\/05\/socialni-media-300x280.jpg\" alt=\"socialni-media\" width=\"300\" height=\"280\" class=\"alignleft size-medium wp-image-402\" srcset=\"https:\/\/www.e-ck.cz\/blog\/wp-content\/uploads\/2014\/05\/socialni-media-300x280.jpg 300w, https:\/\/www.e-ck.cz\/blog\/wp-content\/uploads\/2014\/05\/socialni-media.jpg 517w\" sizes=\"auto, (max-width: 300px) 85vw, 300px\" \/><\/p>\n<p>Aktu\u00e1ln\u00ed novinky z e-ck.cz m\u016f\u017eete sledovat i na t\u011bchto slu\u017eb\u00e1ch<\/p>\n<p><a href=\"https:\/\/del.icio.us\/eckcz\" rel=\"nofollow\">Delicious<\/a><br \/>\n<a href=\"https:\/\/www.diigo.com\/user\/eckczaktualne\" rel=\"nofollow\">Diigo<\/a><br \/>\n<a href=\"https:\/\/www.facebook.com\/eck.cz\" rel=\"nofollow\">Facebook<\/a><br \/>\n<a href=\"http:\/\/eckcz.livejournal.com\/\" rel=\"nofollow\">Livejournal<\/a><br \/>\n<a href=\"http:\/\/www.scoop.it\/t\/eckcz\" rel=\"nofollow\">Scoop.It<\/a><br \/>\n<a href=\"http:\/\/eckcz.soup.io\/\" rel=\"nofollow\">Soup.io<\/a><br \/>\n<a href=\"https:\/\/twitter.com\/eckcz\" rel=\"nofollow\">Twitter<\/a><\/p>\n","protected":false},"excerpt":{"rendered":"<p>Aktu\u00e1ln\u00ed novinky z e-ck.cz m\u016f\u017eete sledovat i na t\u011bchto slu\u017eb\u00e1ch Delicious Diigo Facebook Livejournal Scoop.It Soup.io Twitter<\/p>\n","protected":false},"author":1,"featured_media":0,"parent":0,"menu_order":0,"comment_status":"closed","ping_status":"closed","template":"","meta":{"footnotes":""},"class_list":["post-372","page","type-page","status-publish","hentry"],"_links":{"self":[{"href":"https:\/\/www.e-ck.cz\/blog\/wp-json\/wp\/v2\/pages\/372","targetHints":{"allow":["GET"]}}],"collection":[{"href":"https:\/\/www.e-ck.cz\/blog\/wp-json\/wp\/v2\/pages"}],"about":[{"href":"https:\/\/www.e-ck.cz\/blog\/wp-json\/wp\/v2\/types\/page"}],"author":[{"embeddable":true,"href":"https:\/\/www.e-ck.cz\/blog\/wp-json\/wp\/v2\/users\/1"}],"replies":[{"embeddable":true,"href":"https:\/\/www.e-ck.cz\/blog\/wp-json\/wp\/v2\/comments?post=372"}],"version-history":[{"count":12,"href":"https:\/\/www.e-ck.cz\/blog\/wp-json\/wp\/v2\/pages\/372\/revisions"}],"predecessor-version":[{"id":1992,"href":"https:\/\/www.e-ck.cz\/blog\/wp-json\/wp\/v2\/pages\/372\/revisions\/1992"}],"wp:attachment":[{"href":"https:\/\/www.e-ck.cz\/blog\/wp-json\/wp\/v2\/media?parent=372"}],"curies":[{"name":"wp","href":"https:\/\/api.w.org\/{rel}","templated":true}]}}